{"id":8,"date":"2017-04-03T11:44:58","date_gmt":"2017-04-03T11:44:58","guid":{"rendered":"http:\/\/88.99.95.87\/~emtehu\/?page_id=8"},"modified":"2017-04-03T11:44:58","modified_gmt":"2017-04-03T11:44:58","slug":"kezdooldal-szekcio","status":"publish","type":"page","link":"https:\/\/emte.hu\/index.php\/kezdooldal-szekcio\/","title":{"rendered":"Kezd\u0151oldal szekci\u00f3"},"content":{"rendered":"<p>Ez egy kezd\u0151lap szekci\u00f3 minta. A kezd\u0151lap szekci\u00f3i b\u00e1rmelyik oldal lehet a kezd\u0151oldalt lesz\u00e1m\u00edtva, bele\u00e9rtve a legut\u00f3bbi bejegyz\u00e9sek oldal\u00e1t is.<\/p>\n","protected":false},"excerpt":{"rendered":"<p>Ez egy kezd\u0151lap szekci\u00f3 minta. A kezd\u0151lap szekci\u00f3i b\u00e1rmelyik oldal lehet a kezd\u0151oldalt lesz\u00e1m\u00edtva, bele\u00e9rtve a legut\u00f3bbi bejegyz\u00e9sek oldal\u00e1t is.<\/p>\n","protected":false},"author":1,"featured_media":0,"parent":0,"menu_order":0,"comment_status":"closed","ping_status":"closed","template":"","meta":{"footnotes":""},"class_list":["post-8","page","type-page","status-publish","hentry"],"_links":{"self":[{"href":"https:\/\/emte.hu\/index.php\/wp-json\/wp\/v2\/pages\/8","targetHints":{"allow":["GET"]}}],"collection":[{"href":"https:\/\/emte.hu\/index.php\/wp-json\/wp\/v2\/pages"}],"about":[{"href":"https:\/\/emte.hu\/index.php\/wp-json\/wp\/v2\/types\/page"}],"author":[{"embeddable":true,"href":"https:\/\/emte.hu\/index.php\/wp-json\/wp\/v2\/users\/1"}],"replies":[{"embeddable":true,"href":"https:\/\/emte.hu\/index.php\/wp-json\/wp\/v2\/comments?post=8"}],"version-history":[{"count":1,"href":"https:\/\/emte.hu\/index.php\/wp-json\/wp\/v2\/pages\/8\/revisions"}],"predecessor-version":[{"id":14,"href":"https:\/\/emte.hu\/index.php\/wp-json\/wp\/v2\/pages\/8\/revisions\/14"}],"wp:attachment":[{"href":"https:\/\/emte.hu\/index.php\/wp-json\/wp\/v2\/media?parent=8"}],"curies":[{"name":"wp","href":"https:\/\/api.w.org\/{rel}","templated":true}]}}