{"id":146,"date":"2017-06-13T12:13:25","date_gmt":"2017-06-13T12:13:25","guid":{"rendered":"http:\/\/88.99.95.87\/~emtehu\/?page_id=146"},"modified":"2017-06-21T10:38:34","modified_gmt":"2017-06-21T10:38:34","slug":"ekosz-tagokpartnereink-es-egyuttmukodo-egyesuletek","status":"publish","type":"page","link":"https:\/\/emte.hu\/index.php\/ekosz-tagokpartnereink-es-egyuttmukodo-egyesuletek\/","title":{"rendered":"Ekosz tagok,partnereink  \u00e9s Egy\u00fcttm\u0171k\u00f6d\u0151 Egyes\u00fcletek"},"content":{"rendered":"<table border=\"0\" width=\"100%\" cellspacing=\"3\" cellpadding=\"3\">\n<tbody>\n<tr>\n<td valign=\"top\" width=\"374\"><strong>\u00b7<\/strong> <a href=\"http:\/\/www.ekosz.hu\/tagszervezetek\/?page_id=23\">Gy\u0151ri Erd\u00e9lyi K\u00f6r<\/a><\/td>\n<td valign=\"top\" width=\"77\">Gy\u0151r<\/td>\n<td valign=\"top\"><a href=\"mailto:\/\/kadar@erdelyikor.hu\">K\u00e1d\u00e1r I. Csaba<\/a><\/td>\n<\/tr>\n<tr>\n<td valign=\"top\" width=\"374\"><\/td>\n<td valign=\"top\" width=\"77\"><\/td>\n<td valign=\"top\">9081 Gy\u0151r\u00fajbar\u00e1t, Aramy J. u. 35.<\/td>\n<\/tr>\n<tr>\n<td valign=\"top\" width=\"374\"><strong>\u00b7<\/strong> <a href=\"http:\/\/www.ekosz.hu\/tagszervezetek\/?page_id=25\">Bethlen G\u00e1bor Erd\u00e9lyi K\u00f6r<\/a><\/td>\n<td valign=\"top\" width=\"77\">Monor<\/td>\n<td valign=\"top\"><a href=\"mailto:\/\/szlukacssandor@gmail.com\">Dr. Szekeres S\u00e1ndor<\/a><\/td>\n<\/tr>\n<tr>\n<td valign=\"top\" width=\"374\"><\/td>\n<td valign=\"top\" width=\"77\"><\/td>\n<td valign=\"top\">2200\u00a0Monor, Kapisztr\u00e1n J. u. 49.<\/td>\n<\/tr>\n<tr>\n<td valign=\"top\" width=\"374\"><strong>\u00b7<\/strong> <a href=\"http:\/\/www.ekosz.hu\/tagszervezetek\/?page_id=27\">B\u00f3lyai Farkas Erd\u00e9lyi Bar\u00e1tok K\u00f6re<\/a><\/td>\n<td valign=\"top\" width=\"77\">Recsk<\/td>\n<td valign=\"top\">Dr. S\u00f3falvi Antal<\/td>\n<\/tr>\n<tr>\n<td valign=\"top\" width=\"374\"><\/td>\n<td valign=\"top\" width=\"77\"><\/td>\n<td valign=\"top\">3245 Recsk, T\u00e1ncsics u. 9.<\/td>\n<\/tr>\n<tr>\n<td valign=\"top\" width=\"374\"><strong>\u00b7<\/strong> Budapesti Sz\u00e9kely K\u00f6r<\/td>\n<td valign=\"top\" width=\"77\">Budapest<\/td>\n<td valign=\"top\"><a href=\"mailto:\/\/szekkor@freestart.hu\">Ferencz Vilmos<\/a><\/td>\n<\/tr>\n<tr>\n<td valign=\"top\" width=\"374\"><\/td>\n<td valign=\"top\" width=\"77\"><\/td>\n<td valign=\"top\">1191 Budapest,\u00a0Szab\u00f3 Ervin u. 37.<\/td>\n<\/tr>\n<tr>\n<td valign=\"top\" width=\"374\"><strong>\u00b7<\/strong> Erd\u00e9lyben Marad\u00e1s\u00e9rt Alap\u00edtv\u00e1ny<\/td>\n<td valign=\"top\" width=\"77\">Budapest<\/td>\n<td valign=\"top\"><a href=\"mailto:\/\/gergely61@gmail.com\">Gergely K\u00e1roly<\/a><\/td>\n<\/tr>\n<tr>\n<td valign=\"top\" width=\"374\"><\/td>\n<td valign=\"top\" width=\"77\"><\/td>\n<td valign=\"top\">1085\u00a0Budapest., Hor\u00e1nszky u. 25.<\/td>\n<\/tr>\n<tr>\n<td valign=\"top\" width=\"374\"><strong>\u00b7<\/strong> <a href=\"http:\/\/www.ekosz.hu\/tagszervezetek\/?page_id=35\">Erd\u00e9lyi Magyarok Tolna Megyei K\u00f6zhaszn\u00fa Egyes\u00fclete<\/a><\/td>\n<td valign=\"top\" width=\"77\">Paks<\/td>\n<td valign=\"top\"><a href=\"mailto:\/\/bandi.imre@freemail.hu\">B\u00e1ndi Imre<\/a><\/td>\n<\/tr>\n<tr>\n<td valign=\"top\" width=\"374\"><\/td>\n<td valign=\"top\" width=\"77\"><\/td>\n<td valign=\"top\">7030 Paks, Kornis u.\u00a02.<\/td>\n<\/tr>\n<tr>\n<td valign=\"top\" width=\"374\"><strong>\u00b7<\/strong> <a href=\"http:\/\/www.ekosz.hu\/tagszervezetek\/?page_id=37\">Erd\u00e9lyi V\u00e1ndor Sz\u00e9kelyek K\u00f6re<\/a><\/td>\n<td valign=\"top\" width=\"77\">G\u00f6d\u00f6ll\u0151<\/td>\n<td valign=\"top\"><a href=\"mailto:\/\/kasza.ilonka@freemail.hu\">Kasza Ilona<\/a><\/td>\n<\/tr>\n<tr>\n<td valign=\"top\" width=\"374\"><\/td>\n<td valign=\"top\" width=\"77\"><\/td>\n<td valign=\"top\">2100 G\u00f6d\u00f6ll\u0151, Sz\u0151l\u0151\u00a0u. 22\/2.<\/td>\n<\/tr>\n<tr>\n<td valign=\"top\" width=\"374\"><strong>\u00b7<\/strong> Erd\u00e9lyiek Nagykanizsai Egyes\u00fclete<\/td>\n<td valign=\"top\" width=\"77\">Nagykanizsa<\/td>\n<td valign=\"top\"><a href=\"mailto:\/\/hnenagymaria@freemail.hu\">Horv\u00e1thn\u00e9 Nagy M\u00e1ria<\/a><\/td>\n<\/tr>\n<tr>\n<td valign=\"top\" width=\"374\"><\/td>\n<td valign=\"top\" width=\"77\"><\/td>\n<td valign=\"top\">8800\u00a0Nagykanizsa, Rozgonyi u.33.<\/td>\n<\/tr>\n<tr>\n<td valign=\"top\" width=\"374\"><strong>\u00b7<\/strong> <a href=\"http:\/\/www.ekosz.hu\/tagszervezetek\/?page_id=39\">Izs\u00e1k \u00e9s K\u00f6rny\u00e9ke Erd\u00e9lyi Magyarok K\u00f6zhaszn\u00fa Egyes\u00fclete<\/a><\/td>\n<td valign=\"top\" width=\"77\">Izs\u00e1k<\/td>\n<td valign=\"top\"><a href=\"mailto:\/\/ekoszizsak@gmail.com\">Nagy \u00c1rp\u00e1d<\/a><\/td>\n<\/tr>\n<tr>\n<td valign=\"top\" width=\"374\"><\/td>\n<td valign=\"top\" width=\"77\"><\/td>\n<td valign=\"top\">6070 Izs\u00e1k,\u00a0K\u00e1lvin t\u00e9r 1.<\/td>\n<\/tr>\n<tr>\n<td valign=\"top\" width=\"374\"><strong>\u00b7<\/strong> <a href=\"http:\/\/www.ekosz.hu\/tagszervezetek\/?page_id=43\">Mez\u0151ber\u00e9nyi Erd\u00e9lyi K\u00f6r<\/a><\/td>\n<td valign=\"top\" width=\"77\">Mez\u0151ber\u00e9ny<\/td>\n<td valign=\"top\"><a href=\"mailto:kajlikp@freemail.hu\">Kajlik P\u00e9ter<\/a><\/td>\n<\/tr>\n<tr>\n<td valign=\"top\" width=\"374\"><\/td>\n<td valign=\"top\" width=\"77\"><\/td>\n<td valign=\"top\">5650 Mez\u0151ber\u00e9ny, Pet\u0151fi\u00a0S. u. 9.<\/td>\n<\/tr>\n<tr>\n<td valign=\"top\" width=\"374\"><strong>\u00b7<\/strong> Mihalik K\u00e1lm\u00e1n Alap\u00edtv\u00e1ny<\/td>\n<td valign=\"top\" width=\"77\">Szeged<\/td>\n<td valign=\"top\">G\u00e1l Imre<\/td>\n<\/tr>\n<tr>\n<td valign=\"top\" width=\"374\"><\/td>\n<td valign=\"top\" width=\"77\"><\/td>\n<td valign=\"top\">6722 Szeged, Kossuth L. sug\u00e1r\u00fat 29.II.\/203<\/td>\n<\/tr>\n<tr>\n<td valign=\"top\" width=\"374\"><strong>\u00b7<\/strong> <a href=\"http:\/\/www.ekosz.hu\/tagszervezetek\/?page_id=45\">Nagyat\u00e1di Erd\u00e9lyi K\u00f6r<\/a><\/td>\n<td valign=\"top\" width=\"77\">Nagyat\u00e1d<\/td>\n<td valign=\"top\"><a href=\"mailto:\/\/drocsaba@freemail.hu\">Dr. Orb\u00e1n Csaba<\/a><\/td>\n<\/tr>\n<tr>\n<td valign=\"top\" width=\"374\"><\/td>\n<td valign=\"top\" width=\"77\"><\/td>\n<td valign=\"top\">7500\u00a0Nagyat\u00e1d, D\u00f3zsa Gy.u.34.<\/td>\n<\/tr>\n<tr>\n<td valign=\"top\" width=\"374\"><strong>\u00b7<\/strong> <a href=\"http:\/\/www.ekosz.hu\/tagszervezetek\/?page_id=49\">\u00d6t\u00e1g\u00fa S\u00edp Kultur\u00e1lis Egyes\u00fclet<\/a><\/td>\n<td valign=\"top\" width=\"77\">Szeged<\/td>\n<td valign=\"top\"><a href=\"mailto:\/\/otagusip@vipmail.hu\">Dr. Horv\u00e1th Istv\u00e1n K\u00e1rolyn\u00e9<\/a><\/td>\n<\/tr>\n<tr>\n<td valign=\"top\" width=\"374\"><\/td>\n<td valign=\"top\" width=\"77\"><\/td>\n<td valign=\"top\">6722\u00a0Szeged, J\u00f3sika u. 30, II\/21.<\/td>\n<\/tr>\n<tr>\n<td valign=\"top\" width=\"374\"><strong>\u00b7<\/strong> <a href=\"http:\/\/www.ekosz.hu\/tagszervezetek\/?page_id=53\">Salg\u00f3tarj\u00e1ni Erd\u00e9lyi K\u00f6r<\/a><\/td>\n<td valign=\"top\" width=\"77\">Salg\u00f3tarj\u00e1n<\/td>\n<td valign=\"top\"><a href=\"mailto:\/\/valiskoferenc@gmail.com\">Valisk\u00f3 Ferenc<\/a><\/td>\n<\/tr>\n<tr>\n<td valign=\"top\" width=\"374\"><\/td>\n<td valign=\"top\" width=\"77\"><\/td>\n<td valign=\"top\">3100\u00a0Salg\u00f3tarj\u00e1n, P\u00e9csk\u0151 u.8.<\/td>\n<\/tr>\n<tr>\n<td valign=\"top\" width=\"374\"><strong>\u00b7<\/strong> <a href=\"http:\/\/www.ekosz.hu\/tagszervezetek\/?page_id=55\">Si\u00f3fok \u00e9s K\u00f6rny\u00e9ke Erd\u00e9lyi Bar\u00e1ti K\u00f6r<\/a><\/td>\n<td valign=\"top\" width=\"77\">Si\u00f3fok<\/td>\n<td valign=\"top\"><a href=\"mailto:\/\/m.mogyoros55@gmail.com\">Mogyor\u00f3s Mih\u00e1ly<\/a><\/td>\n<\/tr>\n<tr>\n<td valign=\"top\" width=\"374\"><\/td>\n<td valign=\"top\" width=\"77\"><\/td>\n<td valign=\"top\">8600 Si\u00f3fok,\u00a0Fenyves sor 16.<\/td>\n<\/tr>\n<tr>\n<td valign=\"top\" width=\"374\"><strong>\u00b7<\/strong> <a href=\"http:\/\/www.ekosz.hu\/tagszervezetek\/?page_id=57\">Soproni Erd\u00e9lyi K\u00f6r<\/a><\/td>\n<td valign=\"top\" width=\"77\">Sopron<\/td>\n<td valign=\"top\"><a href=\"mailto:\/\/uri_elod@t-online.hu\">Dr. \u00dary El\u0151d<\/a><\/td>\n<\/tr>\n<tr>\n<td valign=\"top\" width=\"374\"><\/td>\n<td valign=\"top\" width=\"77\"><\/td>\n<td valign=\"top\">9400 Sopron,\u00a0Turista u. 31.<\/td>\n<\/tr>\n<tr>\n<td valign=\"top\" width=\"374\"><strong>\u00b7<\/strong> <a href=\"http:\/\/www.ekosz.hu\/tagszervezetek\/?page_id=59\">Szegedi Erd\u00e9lyi K\u00f6r<\/a><\/td>\n<td valign=\"top\" width=\"77\">Szeged<\/td>\n<td valign=\"top\"><a href=\"mailto:\/\/galfamili@gmail.com\">Gy\u00f6rgyp\u00e1l Gy\u00f6rgy<\/a><\/td>\n<\/tr>\n<tr>\n<td valign=\"top\" width=\"374\"><\/td>\n<td valign=\"top\" width=\"77\"><\/td>\n<td valign=\"top\">6721 Szeged,\u00a0Kossuth L. sug\u00e1r\u00fat 29.<\/td>\n<\/tr>\n<tr>\n<td valign=\"top\" width=\"374\"><strong>\u00b7<\/strong> <a href=\"http:\/\/www.ekosz.hu\/tagszervezetek\/?page_id=63\">Tam\u00e1si \u00c1ron Erd\u00e9lyi K\u00f6r<\/a><\/td>\n<td valign=\"top\" width=\"77\">Magl\u00f3d<\/td>\n<td valign=\"top\"><a href=\"mailto:\/\/ilona.todor@freemail.hu\">Todor Ilona<\/a><\/td>\n<\/tr>\n<tr>\n<td valign=\"top\" width=\"374\"><\/td>\n<td valign=\"top\" width=\"77\"><\/td>\n<td valign=\"top\">2234 Magl\u00f3d,\u00a0Bezer\u00e9dj u.30\/a.<\/td>\n<\/tr>\n<\/tbody>\n<\/table>\n","protected":false},"excerpt":{"rendered":"<p>\u00b7 Gy\u0151ri Erd\u00e9lyi K\u00f6r Gy\u0151r K\u00e1d\u00e1r I. Csaba 9081 Gy\u0151r\u00fajbar\u00e1t, Aramy J. u. 35. \u00b7 Bethlen G\u00e1bor Erd\u00e9lyi K\u00f6r Monor Dr. Szekeres S\u00e1ndor 2200\u00a0Monor, Kapisztr\u00e1n J. u. 49. \u00b7 B\u00f3lyai Farkas Erd\u00e9lyi Bar\u00e1tok K\u00f6re Recsk Dr. S\u00f3falvi Antal 3245 Recsk, T\u00e1ncsics u. 9. \u00b7 Budapesti Sz\u00e9kely K\u00f6r Budapest Ferencz Vilmos 1191 Budapest,\u00a0Szab\u00f3 Ervin u. 37. [&hellip;]<\/p>\n","protected":false},"author":1,"featured_media":0,"parent":0,"menu_order":0,"comment_status":"closed","ping_status":"closed","template":"","meta":{"footnotes":""},"class_list":["post-146","page","type-page","status-publish","hentry"],"_links":{"self":[{"href":"https:\/\/emte.hu\/index.php\/wp-json\/wp\/v2\/pages\/146","targetHints":{"allow":["GET"]}}],"collection":[{"href":"https:\/\/emte.hu\/index.php\/wp-json\/wp\/v2\/pages"}],"about":[{"href":"https:\/\/emte.hu\/index.php\/wp-json\/wp\/v2\/types\/page"}],"author":[{"embeddable":true,"href":"https:\/\/emte.hu\/index.php\/wp-json\/wp\/v2\/users\/1"}],"replies":[{"embeddable":true,"href":"https:\/\/emte.hu\/index.php\/wp-json\/wp\/v2\/comments?post=146"}],"version-history":[{"count":4,"href":"https:\/\/emte.hu\/index.php\/wp-json\/wp\/v2\/pages\/146\/revisions"}],"predecessor-version":[{"id":160,"href":"https:\/\/emte.hu\/index.php\/wp-json\/wp\/v2\/pages\/146\/revisions\/160"}],"wp:attachment":[{"href":"https:\/\/emte.hu\/index.php\/wp-json\/wp\/v2\/media?parent=146"}],"curies":[{"name":"wp","href":"https:\/\/api.w.org\/{rel}","templated":true}]}}