{"id":143,"date":"2017-06-13T12:11:56","date_gmt":"2017-06-13T12:11:56","guid":{"rendered":"http:\/\/88.99.95.87\/~emtehu\/?page_id=143"},"modified":"2017-06-13T12:12:18","modified_gmt":"2017-06-13T12:12:18","slug":"tamogatoink","status":"publish","type":"page","link":"https:\/\/emte.hu\/index.php\/tamogatoink\/","title":{"rendered":"T\u00e1mogat\u00f3ink"},"content":{"rendered":"<p>(itt kell felt\u00fcntess\u00fck NEA-t, a polg\u00e1rmesteri hivatalt, az Er\u0151m\u0171vet \u00e9s<br \/>\nkisebb szponzorokat )<\/p>\n","protected":false},"excerpt":{"rendered":"<p>(itt kell felt\u00fcntess\u00fck NEA-t, a polg\u00e1rmesteri hivatalt, az Er\u0151m\u0171vet \u00e9s kisebb szponzorokat )<\/p>\n","protected":false},"author":1,"featured_media":0,"parent":0,"menu_order":0,"comment_status":"closed","ping_status":"closed","template":"","meta":{"footnotes":""},"class_list":["post-143","page","type-page","status-publish","hentry"],"_links":{"self":[{"href":"https:\/\/emte.hu\/index.php\/wp-json\/wp\/v2\/pages\/143","targetHints":{"allow":["GET"]}}],"collection":[{"href":"https:\/\/emte.hu\/index.php\/wp-json\/wp\/v2\/pages"}],"about":[{"href":"https:\/\/emte.hu\/index.php\/wp-json\/wp\/v2\/types\/page"}],"author":[{"embeddable":true,"href":"https:\/\/emte.hu\/index.php\/wp-json\/wp\/v2\/users\/1"}],"replies":[{"embeddable":true,"href":"https:\/\/emte.hu\/index.php\/wp-json\/wp\/v2\/comments?post=143"}],"version-history":[{"count":2,"href":"https:\/\/emte.hu\/index.php\/wp-json\/wp\/v2\/pages\/143\/revisions"}],"predecessor-version":[{"id":145,"href":"https:\/\/emte.hu\/index.php\/wp-json\/wp\/v2\/pages\/143\/revisions\/145"}],"wp:attachment":[{"href":"https:\/\/emte.hu\/index.php\/wp-json\/wp\/v2\/media?parent=143"}],"curies":[{"name":"wp","href":"https:\/\/api.w.org\/{rel}","templated":true}]}}