{"id":137,"date":"2017-06-13T12:07:11","date_gmt":"2017-06-13T12:07:11","guid":{"rendered":"http:\/\/88.99.95.87\/~emtehu\/?page_id=137"},"modified":"2018-04-06T11:22:06","modified_gmt":"2018-04-06T11:22:06","slug":"kapcsolat","status":"publish","type":"page","link":"https:\/\/emte.hu\/index.php\/kapcsolat\/","title":{"rendered":"Kapcsolat"},"content":{"rendered":"<p>Eln\u00f6k:<br \/>\nB\u00e1ndi Imre<br \/>\n7030 Paks Kornis utca 2<br \/>\nTel: 06 20\/223 3241<br \/>\ne-mail: bandi.imre@gmail.com<\/p>\n<p>Sz\u00e9khely 7030 Paks Gagarin u. 2<\/p>\n<p>Posta c\u00edm : B\u00e1ndi Imre 7030 Paks Kornis u. 2<\/p>\n","protected":false},"excerpt":{"rendered":"<p>Eln\u00f6k: B\u00e1ndi Imre 7030 Paks Kornis utca 2 Tel: 06 20\/223 3241 e-mail: bandi.imre@gmail.com Sz\u00e9khely 7030 Paks Gagarin u. 2 Posta c\u00edm : B\u00e1ndi Imre 7030 Paks Kornis u. 2<\/p>\n","protected":false},"author":1,"featured_media":0,"parent":0,"menu_order":0,"comment_status":"closed","ping_status":"closed","template":"","meta":{"footnotes":""},"class_list":["post-137","page","type-page","status-publish","hentry"],"_links":{"self":[{"href":"https:\/\/emte.hu\/index.php\/wp-json\/wp\/v2\/pages\/137","targetHints":{"allow":["GET"]}}],"collection":[{"href":"https:\/\/emte.hu\/index.php\/wp-json\/wp\/v2\/pages"}],"about":[{"href":"https:\/\/emte.hu\/index.php\/wp-json\/wp\/v2\/types\/page"}],"author":[{"embeddable":true,"href":"https:\/\/emte.hu\/index.php\/wp-json\/wp\/v2\/users\/1"}],"replies":[{"embeddable":true,"href":"https:\/\/emte.hu\/index.php\/wp-json\/wp\/v2\/comments?post=137"}],"version-history":[{"count":2,"href":"https:\/\/emte.hu\/index.php\/wp-json\/wp\/v2\/pages\/137\/revisions"}],"predecessor-version":[{"id":338,"href":"https:\/\/emte.hu\/index.php\/wp-json\/wp\/v2\/pages\/137\/revisions\/338"}],"wp:attachment":[{"href":"https:\/\/emte.hu\/index.php\/wp-json\/wp\/v2\/media?parent=137"}],"curies":[{"name":"wp","href":"https:\/\/api.w.org\/{rel}","templated":true}]}}