{"id":135,"date":"2017-06-13T12:06:02","date_gmt":"2017-06-13T12:06:02","guid":{"rendered":"http:\/\/88.99.95.87\/~emtehu\/?page_id=135"},"modified":"2017-06-13T12:11:21","modified_gmt":"2017-06-13T12:11:21","slug":"atalveto","status":"publish","type":"page","link":"https:\/\/emte.hu\/index.php\/atalveto\/","title":{"rendered":"\u00c1talvet\u0151"},"content":{"rendered":"<h3><a href=\"http:\/\/www.ekosz.hu\/atalveto\/\">\u00c1talvet\u0151<\/a>r\u0151l b\u0151vebben.<\/h3>\n<p>Megjelent az \u00c1talvet\u0151 legfrissebb, m\u00e1rciusi sz\u00e1ma:<\/p>\n<table style=\"height: 420px;\" border=\"0\" width=\"418\" cellpadding=\"2\">\n<tbody>\n<tr>\n<td valign=\"top\"><img loading=\"lazy\" decoding=\"async\" class=\"\" src=\"http:\/\/www.ekosz.hu\/atalveto\/mini\/2017_01_101.jpg\" alt=\"\u00c1talvet\u0151 2017. 1 sz\u00e1m\" width=\"120\" height=\"167\" border=\"1\" \/><strong>M\u00e1rcius<br \/>\n<\/strong><\/td>\n<td valign=\"top\" width=\"630\">\n<ul>\n<li>Osv\u00e1th \u00c1gnes: Ami 100. sz\u00e1mb\u00f3l kimaradt<\/li>\n<li>Csap\u00f3 Endre \u00faj\u00e9vi gondolatai (Hossz\u00fa kanala legyen annak, aki az \u00f6rd\u00f6ggel egy t\u00e1lb\u00f3l lakom\u00e1zik)<\/li>\n<li>\u00c1goston Andr\u00e1s: A balk\u00e1ni koccint\u00e1s<\/li>\n<li>Borb\u00e9ly Zsolt Attila erd\u00e9lyi politikai elemz\u0151je<\/li>\n<li>Sz\u00e1sz I. Tas: \u201c\u00c9p testben \u00e9p l\u00e9lek\u201d el\u0151ad\u00e1s nemzettudatr\u00f3l<\/li>\n<li>Szab\u00f3 Istv\u00e1n: Bogar\u00e1sz\u00e1s a p\u00e1rizsi b\u00e9keszerz\u0151d\u00e9s hordal\u00e9k\u00e1b\u00f3l<\/li>\n<li>Makkai J\u00f3zsef: A rom\u00e1n t\u00f6rt\u00e9nelem hi\u00e1nyz\u00f3 ezer \u00e9ve<\/li>\n<li>Gy\u00e1rf\u00e1s Andr\u00e1s \u00e9s Nagy-Major G\u00e1bor jegyzetei<\/li>\n<li>In memoriam: Bar\u00e1nyi Ferenc, Borb\u00e9ly Imre<\/li>\n<li>A Pelik\u00e1n jegy\u00e9ben \u2013 besz\u00e9lget\u00e9s Kiss J. Botond biol\u00f3gussal<\/li>\n<li>G\u00e1lfalvi G\u00e1bor: \u00c9letem v\u00e9g\u00e9ig a falut szolg\u00e1lom<\/li>\n<li>Medgyesen is vel\u00fcnk van B\u00f6jte Csaba testv\u00e9r<\/li>\n<li>Serd\u00fclt Benke \u00c9va: Szellemi \u00e1talvet\u0151ink (Makkai \u00c1d\u00e1m)<\/li>\n<li>Hazan\u00e9z\u0151: Hunyad megye \u2013 G\u00e1sp\u00e1r Barra R\u00e9ka \u00edr\u00e1sa<\/li>\n<li>Eleven hagyom\u00e1ny: Fodor S\u00e1ndor<\/li>\n<li>Csipike, a gonosz t\u00f6rpe<\/li>\n<\/ul>\n<\/td>\n<\/tr>\n<\/tbody>\n<\/table>\n<p><strong>Az <a href=\"http:\/\/www.ekosz.hu\/atalveto\/Atalveto_1701_101.pdf\" target=\"_blank\" rel=\"noopener noreferrer\">\u00c1talvet\u0151 2017 m\u00e1rciusisz\u00e1ma<\/a> (3,1 MB) let\u00f6lthet\u0151 pdf form\u00e1tumban<\/strong><\/p>\n<p>\u00c1talvet\u0151 r\u00e9gebbi kiad\u00e1sai:<\/p>\n<div class=\"art-blockcontent\">\n<div class=\"menu-atalveto-container\">\n<ul id=\"menu-atalveto\" class=\"menu\">\n<li id=\"menu-item-166\" class=\"menu-item menu-item-type-post_type menu-item-object-page menu-item-166\"><\/li>\n<li id=\"menu-item-284\" class=\"menu-item menu-item-type-post_type menu-item-object-page current-menu-item page_item page-item-281 current_page_item menu-item-284\"><a href=\"http:\/\/www.ekosz.hu\/atalveto-2016\/\">\u00c1talvet\u0151 \u2013 2016<\/a><\/li>\n<li id=\"menu-item-255\" class=\"menu-item menu-item-type-post_type menu-item-object-page menu-item-255\"><a href=\"http:\/\/www.ekosz.hu\/atalveto-2015\/\">\u00c1talvet\u0151 \u2013 2015<\/a><\/li>\n<li id=\"menu-item-190\" class=\"menu-item menu-item-type-post_type menu-item-object-page menu-item-190\"><a href=\"http:\/\/www.ekosz.hu\/atalveto-2014\/\">\u00c1talvet\u0151 \u2013 2014<\/a><\/li>\n<li id=\"menu-item-75\" class=\"menu-item menu-item-type-post_type menu-item-object-page menu-item-75\"><a href=\"http:\/\/www.ekosz.hu\/atalveto-2013\/\">\u00c1talvet\u0151 \u2013 2013<\/a><\/li>\n<li id=\"menu-item-74\" class=\"menu-item menu-item-type-post_type menu-item-object-page menu-item-74\"><a href=\"http:\/\/www.ekosz.hu\/atalveto-2012\/\">\u00c1talvet\u0151 \u2013 2012<\/a><\/li>\n<li id=\"menu-item-119\" class=\"menu-item menu-item-type-post_type menu-item-object-page menu-item-119\"><a href=\"http:\/\/www.ekosz.hu\/atalveto-2011\/\">\u00c1talvet\u0151 \u2013 2011<\/a><\/li>\n<li id=\"menu-item-141\" class=\"menu-item menu-item-type-post_type menu-item-object-page menu-item-141\"><a href=\"http:\/\/www.ekosz.hu\/atalveto-2010\/\">\u00c1talvet\u0151 \u2013 2010<\/a><\/li>\n<li id=\"menu-item-151\" class=\"menu-item menu-item-type-post_type menu-item-object-page menu-item-151\"><a href=\"http:\/\/www.ekosz.hu\/atalveto-2009\/\">\u00c1talvet\u0151 \u2013 2009<\/a><\/li>\n<li id=\"menu-item-162\" class=\"menu-item menu-item-type-post_type menu-item-object-page menu-item-162\"><a href=\"http:\/\/www.ekosz.hu\/atalveto-2008\/\">\u00c1talvet\u0151 \u2013 2008<\/a><\/li>\n<\/ul>\n<\/div>\n<\/div>\n","protected":false},"excerpt":{"rendered":"<p>\u00c1talvet\u0151r\u0151l b\u0151vebben. Megjelent az \u00c1talvet\u0151 legfrissebb, m\u00e1rciusi sz\u00e1ma: M\u00e1rcius Osv\u00e1th \u00c1gnes: Ami 100. sz\u00e1mb\u00f3l kimaradt Csap\u00f3 Endre \u00faj\u00e9vi gondolatai (Hossz\u00fa kanala legyen annak, aki az \u00f6rd\u00f6ggel egy t\u00e1lb\u00f3l lakom\u00e1zik) \u00c1goston Andr\u00e1s: A balk\u00e1ni koccint\u00e1s Borb\u00e9ly Zsolt Attila erd\u00e9lyi politikai elemz\u0151je Sz\u00e1sz I. Tas: \u201c\u00c9p testben \u00e9p l\u00e9lek\u201d el\u0151ad\u00e1s nemzettudatr\u00f3l Szab\u00f3 Istv\u00e1n: Bogar\u00e1sz\u00e1s a p\u00e1rizsi b\u00e9keszerz\u0151d\u00e9s [&hellip;]<\/p>\n","protected":false},"author":1,"featured_media":0,"parent":0,"menu_order":0,"comment_status":"closed","ping_status":"closed","template":"","meta":{"footnotes":""},"class_list":["post-135","page","type-page","status-publish","hentry"],"_links":{"self":[{"href":"https:\/\/emte.hu\/index.php\/wp-json\/wp\/v2\/pages\/135","targetHints":{"allow":["GET"]}}],"collection":[{"href":"https:\/\/emte.hu\/index.php\/wp-json\/wp\/v2\/pages"}],"about":[{"href":"https:\/\/emte.hu\/index.php\/wp-json\/wp\/v2\/types\/page"}],"author":[{"embeddable":true,"href":"https:\/\/emte.hu\/index.php\/wp-json\/wp\/v2\/users\/1"}],"replies":[{"embeddable":true,"href":"https:\/\/emte.hu\/index.php\/wp-json\/wp\/v2\/comments?post=135"}],"version-history":[{"count":3,"href":"https:\/\/emte.hu\/index.php\/wp-json\/wp\/v2\/pages\/135\/revisions"}],"predecessor-version":[{"id":142,"href":"https:\/\/emte.hu\/index.php\/wp-json\/wp\/v2\/pages\/135\/revisions\/142"}],"wp:attachment":[{"href":"https:\/\/emte.hu\/index.php\/wp-json\/wp\/v2\/media?parent=135"}],"curies":[{"name":"wp","href":"https:\/\/api.w.org\/{rel}","templated":true}]}}