{"id":128,"date":"2017-06-13T11:58:12","date_gmt":"2017-06-13T11:58:12","guid":{"rendered":"http:\/\/88.99.95.87\/~emtehu\/?page_id=128"},"modified":"2019-03-19T13:04:02","modified_gmt":"2019-03-19T13:04:02","slug":"1-felajanlasok","status":"publish","type":"page","link":"https:\/\/emte.hu\/index.php\/1-felajanlasok\/","title":{"rendered":"1% Felaj\u00e1nl\u00e1sok"},"content":{"rendered":"<p>Ad\u00f3sz\u00e1munk: 19231172-1-17<br \/><br \/><a href=\"http:\/\/88.99.95.87\/~emtehu\/wp-content\/uploads\/2017\/06\/rendelkezesinyilatkozat.pdf\">Rendelkez\u00e9si nyilatkozat let\u00f6lt\u00e9se<\/a><\/p>\n\n\n<p><\/p>\n","protected":false},"excerpt":{"rendered":"<p>Ad\u00f3sz\u00e1munk: 19231172-1-17 Rendelkez\u00e9si nyilatkozat let\u00f6lt\u00e9se<\/p>\n","protected":false},"author":1,"featured_media":0,"parent":0,"menu_order":0,"comment_status":"closed","ping_status":"closed","template":"","meta":{"footnotes":""},"class_list":["post-128","page","type-page","status-publish","hentry"],"_links":{"self":[{"href":"https:\/\/emte.hu\/index.php\/wp-json\/wp\/v2\/pages\/128","targetHints":{"allow":["GET"]}}],"collection":[{"href":"https:\/\/emte.hu\/index.php\/wp-json\/wp\/v2\/pages"}],"about":[{"href":"https:\/\/emte.hu\/index.php\/wp-json\/wp\/v2\/types\/page"}],"author":[{"embeddable":true,"href":"https:\/\/emte.hu\/index.php\/wp-json\/wp\/v2\/users\/1"}],"replies":[{"embeddable":true,"href":"https:\/\/emte.hu\/index.php\/wp-json\/wp\/v2\/comments?post=128"}],"version-history":[{"count":5,"href":"https:\/\/emte.hu\/index.php\/wp-json\/wp\/v2\/pages\/128\/revisions"}],"predecessor-version":[{"id":404,"href":"https:\/\/emte.hu\/index.php\/wp-json\/wp\/v2\/pages\/128\/revisions\/404"}],"wp:attachment":[{"href":"https:\/\/emte.hu\/index.php\/wp-json\/wp\/v2\/media?parent=128"}],"curies":[{"name":"wp","href":"https:\/\/api.w.org\/{rel}","templated":true}]}}